{"id":1319,"date":"2021-07-16T12:59:11","date_gmt":"2021-07-16T10:59:11","guid":{"rendered":"http:\/\/www.velebit.info\/?page_id=1319"},"modified":"2023-04-18T12:48:15","modified_gmt":"2023-04-18T10:48:15","slug":"elektricni-romobil-najam","status":"publish","type":"page","link":"https:\/\/www.velebit.info\/it\/elektricni-romobil-najam\/","title":{"rendered":"Elektri\u010dni romobil &#8211; najam"},"content":{"rendered":"<h1>Elektri\u010dni romobil &#8211; zeleni turizam<\/h1>\n<p>Nova ponuda u na\u0161oj agenciji. Iznajmi elektri\u010dni romobil i obi\u0111i Gacku dolinu. U ponudi je elektri\u010dni romobil Xiaomi PRO2 s dometom od 45km i max brzinom od 25km\/h, \u0161to ti daje autonomiju i sigurnost. Za romobil nije potrebna voza\u010dka dozvola, a u ponudi su i kacige s higijenskim jednokratnim potkapama za one koji \u017eele.<\/p>\n<p>Obi\u0111i izvore Gacke, Pe\u0107inu, 7 mostova Gacke, tiho i ekolo\u0161ki.&nbsp;<\/p>\n<p>U svijetu je sve popularniji zeleni turizam i eko naglasak, a agencija Velebit aktivnosti prva nudi zeleni turizam u Gackoj dolini.<\/p>\n<p>DNEVNA CIJENA: 25 euro<\/p>\n<p>&nbsp;<\/p>\n","protected":false},"excerpt":{"rendered":"<p>Elektri\u010dni romobil &#8211; zeleni turizam Nova ponuda u na\u0161oj agenciji. Iznajmi elektri\u010dni romobil i obi\u0111i Gacku dolinu. U ponudi je elektri\u010dni romobil Xiaomi PRO2 s dometom od 45km i max brzinom od 25km\/h, \u0161to ti daje autonomiju i sigurnost. Za romobil nije potrebna voza\u010dka dozvola, a u ponudi su i kacige s higijenskim jednokratnim potkapama [&hellip;]<\/p>\n","protected":false},"author":1,"featured_media":0,"parent":0,"menu_order":0,"comment_status":"closed","ping_status":"closed","template":"","meta":{"ngg_post_thumbnail":0,"footnotes":""},"class_list":["post-1319","page","type-page","status-publish","czr-hentry"],"translation":{"provider":"WPGlobus","version":"2.12.2","language":"it","enabled_languages":["hr","en","de","it"],"languages":{"hr":{"title":true,"content":true,"excerpt":false},"en":{"title":true,"content":true,"excerpt":false},"de":{"title":false,"content":false,"excerpt":false},"it":{"title":false,"content":false,"excerpt":false}}},"yoast_head":"<!-- This site is optimized with the Yoast SEO plugin v23.3 - https:\/\/yoast.com\/wordpress\/plugins\/seo\/ -->\n<title>| Velebit activities | Croazia | Alloggio | kayak | Quod safari<\/title>\n<meta name=\"robots\" content=\"index, follow, max-snippet:-1, max-image-preview:large, max-video-preview:-1\" \/>\n<link rel=\"canonical\" href=\"https:\/\/www.velebit.info\/elektricni-romobil-najam\/\" \/>\n<meta property=\"og:locale\" content=\"it_IT\" \/>\n<meta property=\"og:type\" content=\"article\" \/>\n<meta property=\"og:title\" content=\"| Velebit activities | Croazia | Alloggio | kayak | Quod safari\" \/>\n<meta property=\"og:url\" content=\"https:\/\/www.velebit.info\/elektricni-romobil-najam\/\" \/>\n<meta property=\"og:site_name\" content=\"Velebit activities | Croazia | Alloggio | kayak | Quod safari\" \/>\n<meta property=\"article:publisher\" content=\"https:\/\/www.facebook.com\/velebitaktivnosti\" \/>\n<meta property=\"article:modified_time\" content=\"2023-04-18T10:48:15+00:00\" \/>\n<meta property=\"og:image\" content=\"http:\/\/www.velebit.info\/wp-content\/uploads\/2017\/01\/velebit_logo_konacno_HR-3.jpg\" \/>\n<meta name=\"twitter:card\" content=\"summary_large_image\" \/>\n<meta name=\"twitter:label1\" content=\"Tempo di lettura stimato\" \/>\n\t<meta name=\"twitter:data1\" content=\"1 minuto\" \/>\n<script type=\"application\/ld+json\" class=\"yoast-schema-graph\">{\"@context\":\"https:\/\/schema.org\",\"@graph\":[{\"@type\":\"WebPage\",\"@id\":\"https:\/\/www.velebit.info\/elektricni-romobil-najam\/\",\"url\":\"https:\/\/www.velebit.info\/elektricni-romobil-najam\/\",\"name\":\"| Velebit activities | Croazia | Alloggio | kayak | Quod safari\",\"isPartOf\":{\"@id\":\"https:\/\/www.velebit.info\/de\/#website\"},\"datePublished\":\"2021-07-16T10:59:11+00:00\",\"dateModified\":\"2023-04-18T10:48:15+00:00\",\"breadcrumb\":{\"@id\":\"https:\/\/www.velebit.info\/elektricni-romobil-najam\/#breadcrumb\"},\"inLanguage\":\"it-IT\",\"potentialAction\":[{\"@type\":\"ReadAction\",\"target\":[\"https:\/\/www.velebit.info\/elektricni-romobil-najam\/\"]}]},{\"@type\":\"BreadcrumbList\",\"@id\":\"https:\/\/www.velebit.info\/elektricni-romobil-najam\/#breadcrumb\",\"itemListElement\":[{\"@type\":\"ListItem\",\"position\":1,\"name\":\"Home\",\"item\":\"https:\/\/www.velebit.info\/de\/\"},{\"@type\":\"ListItem\",\"position\":2,\"name\":\"Electric scooter for rent\"}]},{\"@type\":\"WebSite\",\"@id\":\"https:\/\/www.velebit.info\/de\/#website\",\"url\":\"https:\/\/www.velebit.info\/de\/\",\"name\":\"Velebit activities | Croazia | Alloggio | kayak | Quod safari\",\"description\":\"Agenzia di Viaggi\",\"potentialAction\":[{\"@type\":\"SearchAction\",\"target\":{\"@type\":\"EntryPoint\",\"urlTemplate\":\"https:\/\/www.velebit.info\/de\/?s={search_term_string}\"},\"query-input\":\"required name=search_term_string\"}],\"inLanguage\":\"it-IT\"}]}<\/script>\n<!-- \/ Yoast SEO plugin. -->","yoast_head_json":{"title":"| Velebit activities | Croazia | Alloggio | kayak | Quod safari","robots":{"index":"index","follow":"follow","max-snippet":"max-snippet:-1","max-image-preview":"max-image-preview:large","max-video-preview":"max-video-preview:-1"},"canonical":"https:\/\/www.velebit.info\/elektricni-romobil-najam\/","og_locale":"it_IT","og_type":"article","og_title":"| Velebit activities | Croazia | Alloggio | kayak | Quod safari","og_url":"https:\/\/www.velebit.info\/elektricni-romobil-najam\/","og_site_name":"Velebit activities | Croazia | Alloggio | kayak | Quod safari","article_publisher":"https:\/\/www.facebook.com\/velebitaktivnosti","article_modified_time":"2023-04-18T10:48:15+00:00","og_image":[{"url":"http:\/\/www.velebit.info\/wp-content\/uploads\/2017\/01\/velebit_logo_konacno_HR-3.jpg"}],"twitter_card":"summary_large_image","twitter_misc":{"Tempo di lettura stimato":"1 minuto"},"schema":{"@context":"https:\/\/schema.org","@graph":[{"@type":"WebPage","@id":"https:\/\/www.velebit.info\/elektricni-romobil-najam\/","url":"https:\/\/www.velebit.info\/elektricni-romobil-najam\/","name":"| Velebit activities | Croazia | Alloggio | kayak | Quod safari","isPartOf":{"@id":"https:\/\/www.velebit.info\/de\/#website"},"datePublished":"2021-07-16T10:59:11+00:00","dateModified":"2023-04-18T10:48:15+00:00","breadcrumb":{"@id":"https:\/\/www.velebit.info\/elektricni-romobil-najam\/#breadcrumb"},"inLanguage":"it-IT","potentialAction":[{"@type":"ReadAction","target":["https:\/\/www.velebit.info\/elektricni-romobil-najam\/"]}]},{"@type":"BreadcrumbList","@id":"https:\/\/www.velebit.info\/elektricni-romobil-najam\/#breadcrumb","itemListElement":[{"@type":"ListItem","position":1,"name":"Home","item":"https:\/\/www.velebit.info\/de\/"},{"@type":"ListItem","position":2,"name":"Electric scooter for rent"}]},{"@type":"WebSite","@id":"https:\/\/www.velebit.info\/de\/#website","url":"https:\/\/www.velebit.info\/de\/","name":"Velebit activities | Croazia | Alloggio | kayak | Quod safari","description":"Agenzia di Viaggi","potentialAction":[{"@type":"SearchAction","target":{"@type":"EntryPoint","urlTemplate":"https:\/\/www.velebit.info\/de\/?s={search_term_string}"},"query-input":"required name=search_term_string"}],"inLanguage":"it-IT"}]}},"_links":{"self":[{"href":"https:\/\/www.velebit.info\/it\/wp-json\/wp\/v2\/pages\/1319"}],"collection":[{"href":"https:\/\/www.velebit.info\/it\/wp-json\/wp\/v2\/pages"}],"about":[{"href":"https:\/\/www.velebit.info\/it\/wp-json\/wp\/v2\/types\/page"}],"author":[{"embeddable":true,"href":"https:\/\/www.velebit.info\/it\/wp-json\/wp\/v2\/users\/1"}],"replies":[{"embeddable":true,"href":"https:\/\/www.velebit.info\/it\/wp-json\/wp\/v2\/comments?post=1319"}],"version-history":[{"count":4,"href":"https:\/\/www.velebit.info\/it\/wp-json\/wp\/v2\/pages\/1319\/revisions"}],"predecessor-version":[{"id":1524,"href":"https:\/\/www.velebit.info\/it\/wp-json\/wp\/v2\/pages\/1319\/revisions\/1524"}],"wp:attachment":[{"href":"https:\/\/www.velebit.info\/it\/wp-json\/wp\/v2\/media?parent=1319"}],"curies":[{"name":"wp","href":"https:\/\/api.w.org\/{rel}","templated":true}]}}