{"id":1262,"date":"2020-10-07T09:41:09","date_gmt":"2020-10-07T07:41:09","guid":{"rendered":"http:\/\/www.velebit.info\/?page_id=1262"},"modified":"2023-04-18T13:08:01","modified_gmt":"2023-04-18T11:08:01","slug":"holiday-home-melani-kuca-s-bazenom","status":"publish","type":"page","link":"https:\/\/www.velebit.info\/it\/holiday-home-melani-kuca-s-bazenom\/","title":{"rendered":"Holiday home Melani &#8211; ku\u0107a s bazenom"},"content":{"rendered":"ngg_shortcode_0_placeholder\n<h1>Holiday home Melani &#8211; ku\u0107a s bazenom<\/h1>\n<p><strong>Holiday home Melani &#8211; ku\u0107a s bazenom<\/strong> je udobna i prostrana prizemna ku\u0107a s bazenom kapaciteta za do 8 osoba. Veli\u010dine 110m2. Potpuno je opremljena, a sastoji se od 3 spava\u0107e sobe, dnevnog boravka, kuhinje, kupaonice s wc-om i jo\u0161 jednim dodatnim wc-om. Od vanjskih sadr\u017eaja tu je natkrivena gara\u017ea s dva parkirna mjesta, sjenica s ro\u0161tiljom, te bazen veli\u010dine 7,5&#215;3,5&#215;1,3m s pripadaju\u0107om pla\u017eom. Tu su i trampolin, pje\u0161\u010danik i druge zabavne aktivnosti za djecu.&nbsp;<\/p>\n<p>Ku\u0107a je prikladna za obitelji s djecom, parove, te invalidne osobe.&nbsp;<\/p>\n<p>Ku\u0107ni ljubimci su dozvoljeni, ali uz prethodni dogovor s vlasnikom.<\/p>\n<p>Lokacija: Sinac 335a, Oto\u010dac&nbsp;<\/p>\n<p>Cijena: 200 eura\/no\u0107, min. 2 no\u0107enja,<\/p>\n<p>&nbsp;<\/p>\n<p><strong>Detalji:<\/strong><\/p>\n<p>8 osoba max, prikladna i za invalidne osobe<\/p>\n<p>2 wc-a<\/p>\n<p>Veliki bazen s pla\u017eom<\/p>\n<p>Le\u017ealjke<\/p>\n<p>Sjenica s ro\u0161tiljem<\/p>\n<p>Gara\u017ea s dva mjesta<\/p>\n<p>Dje\u010dje igrali\u0161te<\/p>\n<p>WI Fi<\/p>\n<p>Smart TV<\/p>\n<p>Perilica rublja<\/p>\n<p>Perilica su\u0111a<\/p>\n","protected":false},"excerpt":{"rendered":"<p>Holiday home Melani &#8211; ku\u0107a s bazenom Holiday home Melani &#8211; ku\u0107a s bazenom je udobna i prostrana prizemna ku\u0107a s bazenom kapaciteta za do 8 osoba. Veli\u010dine 110m2. Potpuno je opremljena, a sastoji se od 3 spava\u0107e sobe, dnevnog boravka, kuhinje, kupaonice s wc-om i jo\u0161 jednim dodatnim wc-om. Od vanjskih sadr\u017eaja tu je [&hellip;]<\/p>\n","protected":false},"author":1,"featured_media":1282,"parent":0,"menu_order":0,"comment_status":"closed","ping_status":"closed","template":"","meta":{"ngg_post_thumbnail":0,"footnotes":""},"class_list":["post-1262","page","type-page","status-publish","has-post-thumbnail","czr-hentry"],"translation":{"provider":"WPGlobus","version":"2.12.2","language":"it","enabled_languages":["hr","en","de","it"],"languages":{"hr":{"title":true,"content":true,"excerpt":false},"en":{"title":false,"content":false,"excerpt":false},"de":{"title":false,"content":false,"excerpt":false},"it":{"title":false,"content":false,"excerpt":false}}},"yoast_head":"<!-- This site is optimized with the Yoast SEO plugin v23.3 - https:\/\/yoast.com\/wordpress\/plugins\/seo\/ -->\n<title>Holiday home Melani - ku\u0107a s bazenom<\/title>\n<meta name=\"robots\" content=\"index, follow, max-snippet:-1, max-image-preview:large, max-video-preview:-1\" \/>\n<link rel=\"canonical\" href=\"https:\/\/www.velebit.info\/holiday-home-melani-kuca-s-bazenom\/\" \/>\n<meta property=\"og:locale\" content=\"it_IT\" \/>\n<meta property=\"og:type\" content=\"article\" \/>\n<meta property=\"og:title\" content=\"Holiday home Melani - ku\u0107a s bazenom | Velebit activities | Croazia | Alloggio | kayak | Quod safari\" \/>\n<meta property=\"og:url\" content=\"https:\/\/www.velebit.info\/holiday-home-melani-kuca-s-bazenom\/\" \/>\n<meta property=\"og:site_name\" content=\"Velebit activities | Croazia | Alloggio | kayak | Quod safari\" \/>\n<meta property=\"article:publisher\" content=\"https:\/\/www.facebook.com\/velebitaktivnosti\" \/>\n<meta property=\"article:modified_time\" content=\"2023-04-18T11:08:01+00:00\" \/>\n<meta property=\"og:image\" content=\"https:\/\/www.velebit.info\/wp-content\/uploads\/2020\/10\/ku\u0107a-1.jpg\" \/>\n\t<meta property=\"og:image:width\" content=\"2048\" \/>\n\t<meta property=\"og:image:height\" content=\"1216\" \/>\n\t<meta property=\"og:image:type\" content=\"image\/jpeg\" \/>\n<meta name=\"twitter:card\" content=\"summary_large_image\" \/>\n<meta name=\"twitter:label1\" content=\"Tempo di lettura stimato\" \/>\n\t<meta name=\"twitter:data1\" content=\"1 minuto\" \/>\n<script type=\"application\/ld+json\" class=\"yoast-schema-graph\">{\"@context\":\"https:\/\/schema.org\",\"@graph\":[{\"@type\":\"WebPage\",\"@id\":\"https:\/\/www.velebit.info\/holiday-home-melani-kuca-s-bazenom\/\",\"url\":\"https:\/\/www.velebit.info\/holiday-home-melani-kuca-s-bazenom\/\",\"name\":\"Holiday home Melani - ku\u0107a s bazenom\",\"isPartOf\":{\"@id\":\"https:\/\/www.velebit.info\/de\/#website\"},\"primaryImageOfPage\":{\"@id\":\"https:\/\/www.velebit.info\/holiday-home-melani-kuca-s-bazenom\/#primaryimage\"},\"image\":{\"@id\":\"https:\/\/www.velebit.info\/holiday-home-melani-kuca-s-bazenom\/#primaryimage\"},\"thumbnailUrl\":\"https:\/\/www.velebit.info\/wp-content\/uploads\/2020\/10\/ku\u0107a-1.jpg\",\"datePublished\":\"2020-10-07T07:41:09+00:00\",\"dateModified\":\"2023-04-18T11:08:01+00:00\",\"description\":\"Holiday home Melani - ku\u0107a s bazenom velika je i prostrana ku\u0107a, s vanjskim sadr\u017eajima. Bazen, gara\u017ea s dva mjesta, ro\u0161tilj, sjenica, dje\u010dje igrali\u0161te.\",\"breadcrumb\":{\"@id\":\"https:\/\/www.velebit.info\/holiday-home-melani-kuca-s-bazenom\/#breadcrumb\"},\"inLanguage\":\"it-IT\",\"potentialAction\":[{\"@type\":\"ReadAction\",\"target\":[\"https:\/\/www.velebit.info\/holiday-home-melani-kuca-s-bazenom\/\"]}]},{\"@type\":\"ImageObject\",\"inLanguage\":\"it-IT\",\"@id\":\"https:\/\/www.velebit.info\/holiday-home-melani-kuca-s-bazenom\/#primaryimage\",\"url\":\"https:\/\/www.velebit.info\/wp-content\/uploads\/2020\/10\/ku\u0107a-1.jpg\",\"contentUrl\":\"https:\/\/www.velebit.info\/wp-content\/uploads\/2020\/10\/ku\u0107a-1.jpg\",\"width\":2048,\"height\":1216},{\"@type\":\"BreadcrumbList\",\"@id\":\"https:\/\/www.velebit.info\/holiday-home-melani-kuca-s-bazenom\/#breadcrumb\",\"itemListElement\":[{\"@type\":\"ListItem\",\"position\":1,\"name\":\"Home\",\"item\":\"https:\/\/www.velebit.info\/de\/\"},{\"@type\":\"ListItem\",\"position\":2,\"name\":\"Holiday home Melani &#8211; ku\u0107a s bazenom\"}]},{\"@type\":\"WebSite\",\"@id\":\"https:\/\/www.velebit.info\/de\/#website\",\"url\":\"https:\/\/www.velebit.info\/de\/\",\"name\":\"Velebit activities | Croazia | Alloggio | kayak | Quod safari\",\"description\":\"Agenzia di Viaggi\",\"potentialAction\":[{\"@type\":\"SearchAction\",\"target\":{\"@type\":\"EntryPoint\",\"urlTemplate\":\"https:\/\/www.velebit.info\/de\/?s={search_term_string}\"},\"query-input\":\"required name=search_term_string\"}],\"inLanguage\":\"it-IT\"}]}<\/script>\n<!-- \/ Yoast SEO plugin. -->","yoast_head_json":{"title":"Holiday home Melani - ku\u0107a s bazenom","robots":{"index":"index","follow":"follow","max-snippet":"max-snippet:-1","max-image-preview":"max-image-preview:large","max-video-preview":"max-video-preview:-1"},"canonical":"https:\/\/www.velebit.info\/holiday-home-melani-kuca-s-bazenom\/","og_locale":"it_IT","og_type":"article","og_title":"Holiday home Melani - ku\u0107a s bazenom | Velebit activities | Croazia | Alloggio | kayak | Quod safari","og_url":"https:\/\/www.velebit.info\/holiday-home-melani-kuca-s-bazenom\/","og_site_name":"Velebit activities | Croazia | Alloggio | kayak | Quod safari","article_publisher":"https:\/\/www.facebook.com\/velebitaktivnosti","article_modified_time":"2023-04-18T11:08:01+00:00","og_image":[{"width":2048,"height":1216,"url":"https:\/\/www.velebit.info\/wp-content\/uploads\/2020\/10\/ku\u0107a-1.jpg","type":"image\/jpeg"}],"twitter_card":"summary_large_image","twitter_misc":{"Tempo di lettura stimato":"1 minuto"},"schema":{"@context":"https:\/\/schema.org","@graph":[{"@type":"WebPage","@id":"https:\/\/www.velebit.info\/holiday-home-melani-kuca-s-bazenom\/","url":"https:\/\/www.velebit.info\/holiday-home-melani-kuca-s-bazenom\/","name":"Holiday home Melani - ku\u0107a s bazenom","isPartOf":{"@id":"https:\/\/www.velebit.info\/de\/#website"},"primaryImageOfPage":{"@id":"https:\/\/www.velebit.info\/holiday-home-melani-kuca-s-bazenom\/#primaryimage"},"image":{"@id":"https:\/\/www.velebit.info\/holiday-home-melani-kuca-s-bazenom\/#primaryimage"},"thumbnailUrl":"https:\/\/www.velebit.info\/wp-content\/uploads\/2020\/10\/ku\u0107a-1.jpg","datePublished":"2020-10-07T07:41:09+00:00","dateModified":"2023-04-18T11:08:01+00:00","description":"Holiday home Melani - ku\u0107a s bazenom velika je i prostrana ku\u0107a, s vanjskim sadr\u017eajima. Bazen, gara\u017ea s dva mjesta, ro\u0161tilj, sjenica, dje\u010dje igrali\u0161te.","breadcrumb":{"@id":"https:\/\/www.velebit.info\/holiday-home-melani-kuca-s-bazenom\/#breadcrumb"},"inLanguage":"it-IT","potentialAction":[{"@type":"ReadAction","target":["https:\/\/www.velebit.info\/holiday-home-melani-kuca-s-bazenom\/"]}]},{"@type":"ImageObject","inLanguage":"it-IT","@id":"https:\/\/www.velebit.info\/holiday-home-melani-kuca-s-bazenom\/#primaryimage","url":"https:\/\/www.velebit.info\/wp-content\/uploads\/2020\/10\/ku\u0107a-1.jpg","contentUrl":"https:\/\/www.velebit.info\/wp-content\/uploads\/2020\/10\/ku\u0107a-1.jpg","width":2048,"height":1216},{"@type":"BreadcrumbList","@id":"https:\/\/www.velebit.info\/holiday-home-melani-kuca-s-bazenom\/#breadcrumb","itemListElement":[{"@type":"ListItem","position":1,"name":"Home","item":"https:\/\/www.velebit.info\/de\/"},{"@type":"ListItem","position":2,"name":"Holiday home Melani &#8211; ku\u0107a s bazenom"}]},{"@type":"WebSite","@id":"https:\/\/www.velebit.info\/de\/#website","url":"https:\/\/www.velebit.info\/de\/","name":"Velebit activities | Croazia | Alloggio | kayak | Quod safari","description":"Agenzia di Viaggi","potentialAction":[{"@type":"SearchAction","target":{"@type":"EntryPoint","urlTemplate":"https:\/\/www.velebit.info\/de\/?s={search_term_string}"},"query-input":"required name=search_term_string"}],"inLanguage":"it-IT"}]}},"_links":{"self":[{"href":"https:\/\/www.velebit.info\/it\/wp-json\/wp\/v2\/pages\/1262"}],"collection":[{"href":"https:\/\/www.velebit.info\/it\/wp-json\/wp\/v2\/pages"}],"about":[{"href":"https:\/\/www.velebit.info\/it\/wp-json\/wp\/v2\/types\/page"}],"author":[{"embeddable":true,"href":"https:\/\/www.velebit.info\/it\/wp-json\/wp\/v2\/users\/1"}],"replies":[{"embeddable":true,"href":"https:\/\/www.velebit.info\/it\/wp-json\/wp\/v2\/comments?post=1262"}],"version-history":[{"count":6,"href":"https:\/\/www.velebit.info\/it\/wp-json\/wp\/v2\/pages\/1262\/revisions"}],"predecessor-version":[{"id":1534,"href":"https:\/\/www.velebit.info\/it\/wp-json\/wp\/v2\/pages\/1262\/revisions\/1534"}],"wp:featuredmedia":[{"embeddable":true,"href":"https:\/\/www.velebit.info\/it\/wp-json\/wp\/v2\/media\/1282"}],"wp:attachment":[{"href":"https:\/\/www.velebit.info\/it\/wp-json\/wp\/v2\/media?parent=1262"}],"curies":[{"name":"wp","href":"https:\/\/api.w.org\/{rel}","templated":true}]}}