{"id":1100,"date":"2020-02-04T09:21:53","date_gmt":"2020-02-04T08:21:53","guid":{"rendered":"http:\/\/www.velebit.info\/?page_id=1100"},"modified":"2020-02-04T13:31:15","modified_gmt":"2020-02-04T12:31:15","slug":"rodeo-bik","status":"publish","type":"page","link":"https:\/\/www.velebit.info\/it\/rodeo-bik\/","title":{"rendered":"Rodeo bik"},"content":{"rendered":"<h1>Rodeo bik<\/h1>\n<p>Rodeo bik najnovije u ponudi.&nbsp; Rodeo bik za teambuilding aktivnosti, moma\u010dke, djevoja\u010dke i sli\u010dne zabave.<\/p>\n<p>Pojedina\u010dno rodeo jahanje 5 poku\u0161aja u sklopu adrenalin parka na\u0161e agencije: 50kn.<\/p>\n<p>Cijena: 1.500kn\/dan. U cijenu uklju\u010den operater. Dostava prema udaljenosti po dogovoru.&nbsp;<\/p>\n<p><img loading=\"lazy\" decoding=\"async\" class=\"alignleft wp-image-1106 size-medium\" src=\"http:\/\/www.velebit.info\/wp-content\/uploads\/2020\/02\/IMG_20200131_125510-286x300.jpg\" alt=\"rodeo bik\" width=\"286\" height=\"300\" srcset=\"https:\/\/www.velebit.info\/wp-content\/uploads\/2020\/02\/IMG_20200131_125510-286x300.jpg 286w, https:\/\/www.velebit.info\/wp-content\/uploads\/2020\/02\/IMG_20200131_125510-977x1024.jpg 977w, https:\/\/www.velebit.info\/wp-content\/uploads\/2020\/02\/IMG_20200131_125510-768x805.jpg 768w, https:\/\/www.velebit.info\/wp-content\/uploads\/2020\/02\/IMG_20200131_125510-1466x1536.jpg 1466w, https:\/\/www.velebit.info\/wp-content\/uploads\/2020\/02\/IMG_20200131_125510.jpg 1954w\" sizes=\"(max-width: 286px) 100vw, 286px\" \/><\/p>\n<div style=\"width: 1170px;\" class=\"wp-video\"><!--[if lt IE 9]><script>document.createElement('video');<\/script><![endif]-->\n<video class=\"wp-video-shortcode\" id=\"video-1100-1\" width=\"1170\" height=\"663\" preload=\"metadata\" controls=\"controls\"><source type=\"video\/mp4\" src=\"http:\/\/www.velebit.info\/wp-content\/uploads\/2020\/02\/YouCut_20200202_193721208.mp4?_=1\" \/><a href=\"http:\/\/www.velebit.info\/wp-content\/uploads\/2020\/02\/YouCut_20200202_193721208.mp4\">http:\/\/www.velebit.info\/wp-content\/uploads\/2020\/02\/YouCut_20200202_193721208.mp4<\/a><\/video><\/div>\n","protected":false},"excerpt":{"rendered":"<p>Rodeo bik Rodeo bik najnovije u ponudi.&nbsp; Rodeo bik za teambuilding aktivnosti, moma\u010dke, djevoja\u010dke i sli\u010dne zabave. Pojedina\u010dno rodeo jahanje 5 poku\u0161aja u sklopu adrenalin parka na\u0161e agencije: 50kn. Cijena: 1.500kn\/dan. U cijenu uklju\u010den operater. Dostava prema udaljenosti po dogovoru.&nbsp;<\/p>\n","protected":false},"author":1,"featured_media":1106,"parent":0,"menu_order":0,"comment_status":"closed","ping_status":"closed","template":"","meta":{"ngg_post_thumbnail":0,"footnotes":""},"class_list":["post-1100","page","type-page","status-publish","has-post-thumbnail","czr-hentry"],"translation":{"provider":"WPGlobus","version":"2.12.2","language":"it","enabled_languages":["hr","en","de","it"],"languages":{"hr":{"title":true,"content":true,"excerpt":false},"en":{"title":false,"content":false,"excerpt":false},"de":{"title":false,"content":false,"excerpt":false},"it":{"title":false,"content":false,"excerpt":false}}},"yoast_head":"<!-- This site is optimized with the Yoast SEO plugin v23.3 - https:\/\/yoast.com\/wordpress\/plugins\/seo\/ -->\n<title>Rodeo bik | Velebit activities | Croazia | Alloggio | kayak | Quod safari<\/title>\n<meta name=\"robots\" content=\"index, follow, max-snippet:-1, max-image-preview:large, max-video-preview:-1\" \/>\n<link rel=\"canonical\" href=\"https:\/\/www.velebit.info\/rodeo-bik\/\" \/>\n<meta property=\"og:locale\" content=\"it_IT\" \/>\n<meta property=\"og:type\" content=\"article\" \/>\n<meta property=\"og:title\" content=\"Rodeo bik | Velebit activities | Croazia | Alloggio | kayak | Quod safari\" \/>\n<meta property=\"og:url\" content=\"https:\/\/www.velebit.info\/rodeo-bik\/\" \/>\n<meta property=\"og:site_name\" content=\"Velebit activities | Croazia | Alloggio | kayak | Quod safari\" \/>\n<meta property=\"article:publisher\" content=\"https:\/\/www.facebook.com\/velebitaktivnosti\" \/>\n<meta property=\"article:modified_time\" content=\"2020-02-04T12:31:15+00:00\" \/>\n<meta property=\"og:image\" content=\"https:\/\/www.velebit.info\/wp-content\/uploads\/2020\/02\/IMG_20200131_125510.jpg\" \/>\n\t<meta property=\"og:image:width\" content=\"1954\" \/>\n\t<meta property=\"og:image:height\" content=\"2048\" \/>\n\t<meta property=\"og:image:type\" content=\"image\/jpeg\" \/>\n<meta name=\"twitter:card\" content=\"summary_large_image\" \/>\n<script type=\"application\/ld+json\" class=\"yoast-schema-graph\">{\"@context\":\"https:\/\/schema.org\",\"@graph\":[{\"@type\":\"WebPage\",\"@id\":\"https:\/\/www.velebit.info\/rodeo-bik\/\",\"url\":\"https:\/\/www.velebit.info\/rodeo-bik\/\",\"name\":\"Rodeo bik | Velebit activities | Croazia | Alloggio | kayak | Quod safari\",\"isPartOf\":{\"@id\":\"https:\/\/www.velebit.info\/de\/#website\"},\"primaryImageOfPage\":{\"@id\":\"https:\/\/www.velebit.info\/rodeo-bik\/#primaryimage\"},\"image\":{\"@id\":\"https:\/\/www.velebit.info\/rodeo-bik\/#primaryimage\"},\"thumbnailUrl\":\"https:\/\/www.velebit.info\/wp-content\/uploads\/2020\/02\/IMG_20200131_125510.jpg\",\"datePublished\":\"2020-02-04T08:21:53+00:00\",\"dateModified\":\"2020-02-04T12:31:15+00:00\",\"breadcrumb\":{\"@id\":\"https:\/\/www.velebit.info\/rodeo-bik\/#breadcrumb\"},\"inLanguage\":\"it-IT\",\"potentialAction\":[{\"@type\":\"ReadAction\",\"target\":[\"https:\/\/www.velebit.info\/rodeo-bik\/\"]}]},{\"@type\":\"ImageObject\",\"inLanguage\":\"it-IT\",\"@id\":\"https:\/\/www.velebit.info\/rodeo-bik\/#primaryimage\",\"url\":\"https:\/\/www.velebit.info\/wp-content\/uploads\/2020\/02\/IMG_20200131_125510.jpg\",\"contentUrl\":\"https:\/\/www.velebit.info\/wp-content\/uploads\/2020\/02\/IMG_20200131_125510.jpg\",\"width\":1954,\"height\":2048},{\"@type\":\"BreadcrumbList\",\"@id\":\"https:\/\/www.velebit.info\/rodeo-bik\/#breadcrumb\",\"itemListElement\":[{\"@type\":\"ListItem\",\"position\":1,\"name\":\"Home\",\"item\":\"https:\/\/www.velebit.info\/de\/\"},{\"@type\":\"ListItem\",\"position\":2,\"name\":\"Rodeo bik\"}]},{\"@type\":\"WebSite\",\"@id\":\"https:\/\/www.velebit.info\/de\/#website\",\"url\":\"https:\/\/www.velebit.info\/de\/\",\"name\":\"Velebit activities | Croazia | Alloggio | kayak | Quod safari\",\"description\":\"Agenzia di Viaggi\",\"potentialAction\":[{\"@type\":\"SearchAction\",\"target\":{\"@type\":\"EntryPoint\",\"urlTemplate\":\"https:\/\/www.velebit.info\/de\/?s={search_term_string}\"},\"query-input\":\"required name=search_term_string\"}],\"inLanguage\":\"it-IT\"}]}<\/script>\n<!-- \/ Yoast SEO plugin. -->","yoast_head_json":{"title":"Rodeo bik | Velebit activities | Croazia | Alloggio | kayak | Quod safari","robots":{"index":"index","follow":"follow","max-snippet":"max-snippet:-1","max-image-preview":"max-image-preview:large","max-video-preview":"max-video-preview:-1"},"canonical":"https:\/\/www.velebit.info\/rodeo-bik\/","og_locale":"it_IT","og_type":"article","og_title":"Rodeo bik | Velebit activities | Croazia | Alloggio | kayak | Quod safari","og_url":"https:\/\/www.velebit.info\/rodeo-bik\/","og_site_name":"Velebit activities | Croazia | Alloggio | kayak | Quod safari","article_publisher":"https:\/\/www.facebook.com\/velebitaktivnosti","article_modified_time":"2020-02-04T12:31:15+00:00","og_image":[{"width":1954,"height":2048,"url":"https:\/\/www.velebit.info\/wp-content\/uploads\/2020\/02\/IMG_20200131_125510.jpg","type":"image\/jpeg"}],"twitter_card":"summary_large_image","schema":{"@context":"https:\/\/schema.org","@graph":[{"@type":"WebPage","@id":"https:\/\/www.velebit.info\/rodeo-bik\/","url":"https:\/\/www.velebit.info\/rodeo-bik\/","name":"Rodeo bik | Velebit activities | Croazia | Alloggio | kayak | Quod safari","isPartOf":{"@id":"https:\/\/www.velebit.info\/de\/#website"},"primaryImageOfPage":{"@id":"https:\/\/www.velebit.info\/rodeo-bik\/#primaryimage"},"image":{"@id":"https:\/\/www.velebit.info\/rodeo-bik\/#primaryimage"},"thumbnailUrl":"https:\/\/www.velebit.info\/wp-content\/uploads\/2020\/02\/IMG_20200131_125510.jpg","datePublished":"2020-02-04T08:21:53+00:00","dateModified":"2020-02-04T12:31:15+00:00","breadcrumb":{"@id":"https:\/\/www.velebit.info\/rodeo-bik\/#breadcrumb"},"inLanguage":"it-IT","potentialAction":[{"@type":"ReadAction","target":["https:\/\/www.velebit.info\/rodeo-bik\/"]}]},{"@type":"ImageObject","inLanguage":"it-IT","@id":"https:\/\/www.velebit.info\/rodeo-bik\/#primaryimage","url":"https:\/\/www.velebit.info\/wp-content\/uploads\/2020\/02\/IMG_20200131_125510.jpg","contentUrl":"https:\/\/www.velebit.info\/wp-content\/uploads\/2020\/02\/IMG_20200131_125510.jpg","width":1954,"height":2048},{"@type":"BreadcrumbList","@id":"https:\/\/www.velebit.info\/rodeo-bik\/#breadcrumb","itemListElement":[{"@type":"ListItem","position":1,"name":"Home","item":"https:\/\/www.velebit.info\/de\/"},{"@type":"ListItem","position":2,"name":"Rodeo bik"}]},{"@type":"WebSite","@id":"https:\/\/www.velebit.info\/de\/#website","url":"https:\/\/www.velebit.info\/de\/","name":"Velebit activities | Croazia | Alloggio | kayak | Quod safari","description":"Agenzia di Viaggi","potentialAction":[{"@type":"SearchAction","target":{"@type":"EntryPoint","urlTemplate":"https:\/\/www.velebit.info\/de\/?s={search_term_string}"},"query-input":"required name=search_term_string"}],"inLanguage":"it-IT"}]}},"_links":{"self":[{"href":"https:\/\/www.velebit.info\/it\/wp-json\/wp\/v2\/pages\/1100"}],"collection":[{"href":"https:\/\/www.velebit.info\/it\/wp-json\/wp\/v2\/pages"}],"about":[{"href":"https:\/\/www.velebit.info\/it\/wp-json\/wp\/v2\/types\/page"}],"author":[{"embeddable":true,"href":"https:\/\/www.velebit.info\/it\/wp-json\/wp\/v2\/users\/1"}],"replies":[{"embeddable":true,"href":"https:\/\/www.velebit.info\/it\/wp-json\/wp\/v2\/comments?post=1100"}],"version-history":[{"count":7,"href":"https:\/\/www.velebit.info\/it\/wp-json\/wp\/v2\/pages\/1100\/revisions"}],"predecessor-version":[{"id":1118,"href":"https:\/\/www.velebit.info\/it\/wp-json\/wp\/v2\/pages\/1100\/revisions\/1118"}],"wp:featuredmedia":[{"embeddable":true,"href":"https:\/\/www.velebit.info\/it\/wp-json\/wp\/v2\/media\/1106"}],"wp:attachment":[{"href":"https:\/\/www.velebit.info\/it\/wp-json\/wp\/v2\/media?parent=1100"}],"curies":[{"name":"wp","href":"https:\/\/api.w.org\/{rel}","templated":true}]}}