{"id":1048,"date":"2019-01-23T10:42:59","date_gmt":"2019-01-23T09:42:59","guid":{"rendered":"http:\/\/www.velebit.info\/?page_id=1048"},"modified":"2022-01-19T10:39:08","modified_gmt":"2022-01-19T09:39:08","slug":"poklon-bonovi","status":"publish","type":"page","link":"https:\/\/www.velebit.info\/en\/poklon-bonovi\/","title":{"rendered":"Poklon bonovi"},"content":{"rendered":"<h1>Poklon bonovi<\/h1>\n<p style=\"text-align: justify;\">Poklon bonovi je nova ponuda agencije Velebit aktivnosti. Ne znate \u0161to \u0107ete pokloniti voljenoj i dragoj osobi za ro\u0111endan?! Pravo je vrijeme da joj poklonite originalan poklon. Vrhunsku avanturu koju \u0107e pamtiti za cijeli \u017eivot. Quad safari, kajakarenje, bicikliranje, smje\u0161taj&#8230;<\/p>\n<p style=\"text-align: justify;\">Izaberite jedan od na\u0161ih poklon bonova i poklonite ga sa stilom. Mo\u017eete kombinirati i uzeti razli\u010dite poklon bonove (npr. quad safari + smje\u0161taj&#8230;)<\/p>\n<p style=\"text-align: justify;\">Kupovina poklon bona u svega 4 koraka i par minuta:<\/p>\n<ol style=\"text-align: justify;\">\n<li>Kontaktirajte nas i dogovorite vrstu i koli\u010dinu bonova<\/li>\n<li>Uplatite dogovoreni iznos<\/li>\n<li>Poklon bon po uplati \u0161aljemo na e-mail, po\u0161tom&#8230;<\/li>\n<li>Nakon \u0161to darujete poklon bon dogovaramo datum kori\u0161tenja<\/li>\n<\/ol>\n<p style=\"text-align: justify;\">PRIMJERI POKLON BONOVA:<\/p>\n<p><a href=\"http:\/\/www.velebit.info\/wp-content\/uploads\/2019\/01\/POKLONAPART.png\"><img loading=\"lazy\" decoding=\"async\" class=\"alignleft wp-image-1053 size-medium\" src=\"http:\/\/www.velebit.info\/wp-content\/uploads\/2019\/01\/POKLONAPART-300x212.png\" alt=\"\" width=\"300\" height=\"212\" srcset=\"https:\/\/www.velebit.info\/wp-content\/uploads\/2019\/01\/POKLONAPART-300x212.png 300w, https:\/\/www.velebit.info\/wp-content\/uploads\/2019\/01\/POKLONAPART-768x542.png 768w, https:\/\/www.velebit.info\/wp-content\/uploads\/2019\/01\/POKLONAPART-1024x723.png 1024w, https:\/\/www.velebit.info\/wp-content\/uploads\/2019\/01\/POKLONAPART.png 1600w\" sizes=\"(max-width: 300px) 100vw, 300px\" \/><\/a><\/p>\n<p><a href=\"http:\/\/www.velebit.info\/wp-content\/uploads\/2019\/01\/POKLONKAJAK.png\"><img loading=\"lazy\" decoding=\"async\" class=\"alignleft wp-image-1050 size-medium\" src=\"http:\/\/www.velebit.info\/wp-content\/uploads\/2019\/01\/POKLONKAJAK-300x213.png\" alt=\"\" width=\"300\" height=\"213\" srcset=\"https:\/\/www.velebit.info\/wp-content\/uploads\/2019\/01\/POKLONKAJAK-300x213.png 300w, https:\/\/www.velebit.info\/wp-content\/uploads\/2019\/01\/POKLONKAJAK-768x545.png 768w, https:\/\/www.velebit.info\/wp-content\/uploads\/2019\/01\/POKLONKAJAK-1024x727.png 1024w, https:\/\/www.velebit.info\/wp-content\/uploads\/2019\/01\/POKLONKAJAK.png 1599w\" sizes=\"(max-width: 300px) 100vw, 300px\" \/><\/a><a href=\"http:\/\/www.velebit.info\/wp-content\/uploads\/2019\/01\/POKLONQUAD.png\"><img loading=\"lazy\" decoding=\"async\" class=\"alignleft wp-image-1051 size-medium\" src=\"http:\/\/www.velebit.info\/wp-content\/uploads\/2019\/01\/POKLONQUAD-300x212.png\" alt=\"\" width=\"300\" height=\"212\" srcset=\"https:\/\/www.velebit.info\/wp-content\/uploads\/2019\/01\/POKLONQUAD-300x212.png 300w, https:\/\/www.velebit.info\/wp-content\/uploads\/2019\/01\/POKLONQUAD-1024x722.png 1024w, https:\/\/www.velebit.info\/wp-content\/uploads\/2019\/01\/POKLONQUAD-768x542.png 768w, https:\/\/www.velebit.info\/wp-content\/uploads\/2019\/01\/POKLONQUAD-1536x1084.png 1536w, https:\/\/www.velebit.info\/wp-content\/uploads\/2019\/01\/POKLONQUAD.png 1599w\" sizes=\"(max-width: 300px) 100vw, 300px\" \/><\/a><a href=\"http:\/\/www.velebit.info\/wp-content\/uploads\/2019\/01\/POKLONBICIKL.png\"><img loading=\"lazy\" decoding=\"async\" class=\"alignleft wp-image-1052 size-medium\" src=\"http:\/\/www.velebit.info\/wp-content\/uploads\/2019\/01\/POKLONBICIKL-300x211.png\" alt=\"\" width=\"300\" height=\"211\" srcset=\"https:\/\/www.velebit.info\/wp-content\/uploads\/2019\/01\/POKLONBICIKL-300x211.png 300w, https:\/\/www.velebit.info\/wp-content\/uploads\/2019\/01\/POKLONBICIKL-768x541.png 768w, https:\/\/www.velebit.info\/wp-content\/uploads\/2019\/01\/POKLONBICIKL-1024x721.png 1024w, https:\/\/www.velebit.info\/wp-content\/uploads\/2019\/01\/POKLONBICIKL.png 1599w\" sizes=\"(max-width: 300px) 100vw, 300px\" \/><\/a><\/p>\n","protected":false},"excerpt":{"rendered":"<p>Poklon bonovi Poklon bonovi je nova ponuda agencije Velebit aktivnosti. Ne znate \u0161to \u0107ete pokloniti voljenoj i dragoj osobi za ro\u0111endan?! Pravo je vrijeme da joj poklonite originalan poklon. Vrhunsku avanturu koju \u0107e pamtiti za cijeli \u017eivot. Quad safari, kajakarenje, bicikliranje, smje\u0161taj&#8230; Izaberite jedan od na\u0161ih poklon bonova i poklonite ga sa stilom. Mo\u017eete kombinirati [&hellip;]<\/p>\n","protected":false},"author":1,"featured_media":1051,"parent":0,"menu_order":0,"comment_status":"closed","ping_status":"closed","template":"","meta":{"ngg_post_thumbnail":0,"footnotes":""},"class_list":["post-1048","page","type-page","status-publish","has-post-thumbnail","czr-hentry"],"translation":{"provider":"WPGlobus","version":"2.12.2","language":"en","enabled_languages":["hr","en","de","it"],"languages":{"hr":{"title":true,"content":true,"excerpt":false},"en":{"title":false,"content":false,"excerpt":false},"de":{"title":false,"content":false,"excerpt":false},"it":{"title":false,"content":false,"excerpt":false}}},"yoast_head":"<!-- This site is optimized with the Yoast SEO plugin v23.3 - https:\/\/yoast.com\/wordpress\/plugins\/seo\/ -->\n<title>Poklon bonovi | Velebit activities tourist agency | Quad safari | Kayaking Croatia | Flyfishing Gacka<\/title>\n<meta name=\"robots\" content=\"index, follow, max-snippet:-1, max-image-preview:large, max-video-preview:-1\" \/>\n<link rel=\"canonical\" href=\"https:\/\/www.velebit.info\/poklon-bonovi\/\" \/>\n<meta property=\"og:locale\" content=\"en_US\" \/>\n<meta property=\"og:type\" content=\"article\" \/>\n<meta property=\"og:title\" content=\"Poklon bonovi | Velebit activities tourist agency | Quad safari | Kayaking Croatia | Flyfishing Gacka\" \/>\n<meta property=\"og:url\" content=\"https:\/\/www.velebit.info\/poklon-bonovi\/\" \/>\n<meta property=\"og:site_name\" content=\"Velebit activities tourist agency | Quad safari | Kayaking Croatia | Flyfishing Gacka\" \/>\n<meta property=\"article:publisher\" content=\"https:\/\/www.facebook.com\/velebitaktivnosti\" \/>\n<meta property=\"article:modified_time\" content=\"2022-01-19T09:39:08+00:00\" \/>\n<meta property=\"og:image\" content=\"https:\/\/www.velebit.info\/wp-content\/uploads\/2019\/01\/POKLONQUAD.png\" \/>\n\t<meta property=\"og:image:width\" content=\"1599\" \/>\n\t<meta property=\"og:image:height\" content=\"1128\" \/>\n\t<meta property=\"og:image:type\" content=\"image\/png\" \/>\n<meta name=\"twitter:card\" content=\"summary_large_image\" \/>\n<meta name=\"twitter:label1\" content=\"Est. reading time\" \/>\n\t<meta name=\"twitter:data1\" content=\"1 minute\" \/>\n<script type=\"application\/ld+json\" class=\"yoast-schema-graph\">{\"@context\":\"https:\/\/schema.org\",\"@graph\":[{\"@type\":\"WebPage\",\"@id\":\"https:\/\/www.velebit.info\/poklon-bonovi\/\",\"url\":\"https:\/\/www.velebit.info\/poklon-bonovi\/\",\"name\":\"Poklon bonovi | Velebit activities tourist agency | Quad safari | Kayaking Croatia | Flyfishing Gacka\",\"isPartOf\":{\"@id\":\"https:\/\/www.velebit.info\/de\/#website\"},\"primaryImageOfPage\":{\"@id\":\"https:\/\/www.velebit.info\/poklon-bonovi\/#primaryimage\"},\"image\":{\"@id\":\"https:\/\/www.velebit.info\/poklon-bonovi\/#primaryimage\"},\"thumbnailUrl\":\"https:\/\/www.velebit.info\/wp-content\/uploads\/2019\/01\/POKLONQUAD.png\",\"datePublished\":\"2019-01-23T09:42:59+00:00\",\"dateModified\":\"2022-01-19T09:39:08+00:00\",\"breadcrumb\":{\"@id\":\"https:\/\/www.velebit.info\/poklon-bonovi\/#breadcrumb\"},\"inLanguage\":\"en-US\",\"potentialAction\":[{\"@type\":\"ReadAction\",\"target\":[\"https:\/\/www.velebit.info\/poklon-bonovi\/\"]}]},{\"@type\":\"ImageObject\",\"inLanguage\":\"en-US\",\"@id\":\"https:\/\/www.velebit.info\/poklon-bonovi\/#primaryimage\",\"url\":\"https:\/\/www.velebit.info\/wp-content\/uploads\/2019\/01\/POKLONQUAD.png\",\"contentUrl\":\"https:\/\/www.velebit.info\/wp-content\/uploads\/2019\/01\/POKLONQUAD.png\",\"width\":1599,\"height\":1128},{\"@type\":\"BreadcrumbList\",\"@id\":\"https:\/\/www.velebit.info\/poklon-bonovi\/#breadcrumb\",\"itemListElement\":[{\"@type\":\"ListItem\",\"position\":1,\"name\":\"Home\",\"item\":\"https:\/\/www.velebit.info\/de\/\"},{\"@type\":\"ListItem\",\"position\":2,\"name\":\"Poklon bonovi\"}]},{\"@type\":\"WebSite\",\"@id\":\"https:\/\/www.velebit.info\/de\/#website\",\"url\":\"https:\/\/www.velebit.info\/de\/\",\"name\":\"Velebit activities tourist agency | Quad safari | Kayaking Croatia | Flyfishing Gacka\",\"description\":\"Travel Agency\",\"potentialAction\":[{\"@type\":\"SearchAction\",\"target\":{\"@type\":\"EntryPoint\",\"urlTemplate\":\"https:\/\/www.velebit.info\/de\/?s={search_term_string}\"},\"query-input\":\"required name=search_term_string\"}],\"inLanguage\":\"en-US\"}]}<\/script>\n<!-- \/ Yoast SEO plugin. -->","yoast_head_json":{"title":"Poklon bonovi | Velebit activities tourist agency | Quad safari | Kayaking Croatia | Flyfishing Gacka","robots":{"index":"index","follow":"follow","max-snippet":"max-snippet:-1","max-image-preview":"max-image-preview:large","max-video-preview":"max-video-preview:-1"},"canonical":"https:\/\/www.velebit.info\/poklon-bonovi\/","og_locale":"en_US","og_type":"article","og_title":"Poklon bonovi | Velebit activities tourist agency | Quad safari | Kayaking Croatia | Flyfishing Gacka","og_url":"https:\/\/www.velebit.info\/poklon-bonovi\/","og_site_name":"Velebit activities tourist agency | Quad safari | Kayaking Croatia | Flyfishing Gacka","article_publisher":"https:\/\/www.facebook.com\/velebitaktivnosti","article_modified_time":"2022-01-19T09:39:08+00:00","og_image":[{"width":1599,"height":1128,"url":"https:\/\/www.velebit.info\/wp-content\/uploads\/2019\/01\/POKLONQUAD.png","type":"image\/png"}],"twitter_card":"summary_large_image","twitter_misc":{"Est. reading time":"1 minute"},"schema":{"@context":"https:\/\/schema.org","@graph":[{"@type":"WebPage","@id":"https:\/\/www.velebit.info\/poklon-bonovi\/","url":"https:\/\/www.velebit.info\/poklon-bonovi\/","name":"Poklon bonovi | Velebit activities tourist agency | Quad safari | Kayaking Croatia | Flyfishing Gacka","isPartOf":{"@id":"https:\/\/www.velebit.info\/de\/#website"},"primaryImageOfPage":{"@id":"https:\/\/www.velebit.info\/poklon-bonovi\/#primaryimage"},"image":{"@id":"https:\/\/www.velebit.info\/poklon-bonovi\/#primaryimage"},"thumbnailUrl":"https:\/\/www.velebit.info\/wp-content\/uploads\/2019\/01\/POKLONQUAD.png","datePublished":"2019-01-23T09:42:59+00:00","dateModified":"2022-01-19T09:39:08+00:00","breadcrumb":{"@id":"https:\/\/www.velebit.info\/poklon-bonovi\/#breadcrumb"},"inLanguage":"en-US","potentialAction":[{"@type":"ReadAction","target":["https:\/\/www.velebit.info\/poklon-bonovi\/"]}]},{"@type":"ImageObject","inLanguage":"en-US","@id":"https:\/\/www.velebit.info\/poklon-bonovi\/#primaryimage","url":"https:\/\/www.velebit.info\/wp-content\/uploads\/2019\/01\/POKLONQUAD.png","contentUrl":"https:\/\/www.velebit.info\/wp-content\/uploads\/2019\/01\/POKLONQUAD.png","width":1599,"height":1128},{"@type":"BreadcrumbList","@id":"https:\/\/www.velebit.info\/poklon-bonovi\/#breadcrumb","itemListElement":[{"@type":"ListItem","position":1,"name":"Home","item":"https:\/\/www.velebit.info\/de\/"},{"@type":"ListItem","position":2,"name":"Poklon bonovi"}]},{"@type":"WebSite","@id":"https:\/\/www.velebit.info\/de\/#website","url":"https:\/\/www.velebit.info\/de\/","name":"Velebit activities tourist agency | Quad safari | Kayaking Croatia | Flyfishing Gacka","description":"Travel Agency","potentialAction":[{"@type":"SearchAction","target":{"@type":"EntryPoint","urlTemplate":"https:\/\/www.velebit.info\/de\/?s={search_term_string}"},"query-input":"required name=search_term_string"}],"inLanguage":"en-US"}]}},"_links":{"self":[{"href":"https:\/\/www.velebit.info\/en\/wp-json\/wp\/v2\/pages\/1048"}],"collection":[{"href":"https:\/\/www.velebit.info\/en\/wp-json\/wp\/v2\/pages"}],"about":[{"href":"https:\/\/www.velebit.info\/en\/wp-json\/wp\/v2\/types\/page"}],"author":[{"embeddable":true,"href":"https:\/\/www.velebit.info\/en\/wp-json\/wp\/v2\/users\/1"}],"replies":[{"embeddable":true,"href":"https:\/\/www.velebit.info\/en\/wp-json\/wp\/v2\/comments?post=1048"}],"version-history":[{"count":11,"href":"https:\/\/www.velebit.info\/en\/wp-json\/wp\/v2\/pages\/1048\/revisions"}],"predecessor-version":[{"id":1354,"href":"https:\/\/www.velebit.info\/en\/wp-json\/wp\/v2\/pages\/1048\/revisions\/1354"}],"wp:featuredmedia":[{"embeddable":true,"href":"https:\/\/www.velebit.info\/en\/wp-json\/wp\/v2\/media\/1051"}],"wp:attachment":[{"href":"https:\/\/www.velebit.info\/en\/wp-json\/wp\/v2\/media?parent=1048"}],"curies":[{"name":"wp","href":"https:\/\/api.w.org\/{rel}","templated":true}]}}