{"id":134,"date":"2017-01-29T12:44:28","date_gmt":"2017-01-29T12:44:28","guid":{"rendered":"http:\/\/www.velebit.info\/?page_id=134"},"modified":"2017-11-05T09:16:42","modified_gmt":"2017-11-05T08:16:42","slug":"how-to-reach-us","status":"publish","type":"page","link":"https:\/\/www.velebit.info\/de\/how-to-reach-us\/","title":{"rendered":"Wo wir uns befinden"},"content":{"rendered":"<p style=\"text-align: justify;\">Google maps: <a href=\"https:\/\/www.google.hr\/maps\/place\/Velebit+aktivnosti\/@44.849479,15.2516933,17z\/data=!3m1!4b1!4m5!3m4!1s0x4763c2ef1465fdfd:0x9c5c9ad0578a1e2c!8m2!3d44.849479!4d15.253882?hl=hr\">Velebit aktivnosti<\/a><\/p>\n<p style=\"text-align: justify;\">Coordinate: 44.849438, 15.254241<\/p>\n<table class=\"wp-list-table widefat fixed striped maps\">\n<tbody id=\"the-list\" data-wp-lists=\"list:map\">\n<tr>\n<td class=\"shortcodes column-shortcodes\" style=\"text-align: center;\" data-colname=\"Shortcodes\"><style>.gm-style-iw { line-height: inherit !important;}<\/style><div class=\"wpgmp_map_container wpgmp-map-1\" rel=\"map1\" data-plugin-version=\"4.6.5\"><div class=\"wpgmp_map_parent\"><div class=\"wpgmp_map \" style=\"width:100%; height:330px;\" id=\"map1\" data-map-id=\"1\"><\/div><\/div><\/div><script id=\"script-map-data-1\">jQuery(document).ready(function($){ window.wpgmp = window.wpgmp || {}; window.wpgmp.mapdata1 = \"eyJtYXBfb3B0aW9ucyI6eyJjZW50ZXJfbGF0IjoiNDQuOTk5NDc5IiwiY2VudGVyX2xuZyI6IjE1LjI1Mzg4MTk5OTk5OTk3NiIsInpvb20iOjcsIm1hcF90eXBlX2lkIjoiUk9BRE1BUCIsImZpdF9ib3VuZHMiOmZhbHNlLCJkcmFnZ2FibGUiOnRydWUsInNjcm9sbF93aGVlbCI6dHJ1ZSwiZGlzcGxheV80NV9pbWFnZXJ5IjoiIiwibWFya2VyX2RlZmF1bHRfaWNvbiI6Imh0dHBzOlwvXC93d3cudmVsZWJpdC5pbmZvXC93cC1jb250ZW50XC9wbHVnaW5zXC93cC1nb29nbGUtbWFwLXBsdWdpblwvYXNzZXRzXC9pbWFnZXNcL2RlZmF1bHRfbWFya2VyLnBuZyIsImluZm93aW5kb3dfc2V0dGluZyI6IiIsImluZm93aW5kb3dfYm91bmNlX2FuaW1hdGlvbiI6IiIsImluZm93aW5kb3dfZHJvcF9hbmltYXRpb24iOmZhbHNlLCJjbG9zZV9pbmZvd2luZG93X29uX21hcF9jbGljayI6ZmFsc2UsImluZm93aW5kb3dfc2tpbiI6IiIsImRlZmF1bHRfaW5mb3dpbmRvd19vcGVuIjpmYWxzZSwiaW5mb3dpbmRvd19vcGVuX2V2ZW50IjoiY2xpY2siLCJmdWxsX3NjcmVlbl9jb250cm9sIjp0cnVlLCJzZWFyY2hfY29udHJvbCI6dHJ1ZSwiem9vbV9jb250cm9sIjp0cnVlLCJtYXBfdHlwZV9jb250cm9sIjp0cnVlLCJzdHJlZXRfdmlld19jb250cm9sIjp0cnVlLCJmdWxsX3NjcmVlbl9jb250cm9sX3Bvc2l0aW9uIjoiVE9QX1JJR0hUIiwic2VhcmNoX2NvbnRyb2xfcG9zaXRpb24iOiJUT1BfTEVGVCIsInpvb21fY29udHJvbF9wb3NpdGlvbiI6IlRPUF9MRUZUIiwibWFwX3R5cGVfY29udHJvbF9wb3NpdGlvbiI6IlRPUF9SSUdIVCIsIm1hcF90eXBlX2NvbnRyb2xfc3R5bGUiOiJIT1JJWk9OVEFMX0JBUiIsInN0cmVldF92aWV3X2NvbnRyb2xfcG9zaXRpb24iOiJUT1BfTEVGVCIsIm1hcF9jb250cm9sIjp0cnVlLCJtYXBfY29udHJvbF9zZXR0aW5ncyI6ZmFsc2UsIm1hcF96b29tX2FmdGVyX3NlYXJjaCI6Niwid2lkdGgiOiIiLCJoZWlnaHQiOiIzMzAifSwicGxhY2VzIjpbeyJpZCI6IjEiLCJ0aXRsZSI6IlZlbGViaXQgYWt0aXZub3N0aSIsImFkZHJlc3MiOiJQcm96b3IgMjU3YSwgT3RvXHUwMTBkYWMsIENyb2F0aWEiLCJzb3VyY2UiOiJtYW51YWwiLCJjb250ZW50IjoiXHJcblZlbGViaXQgYWt0aXZub3N0aSAtIHRvdXJpc3QgYWdlbmN5LCBcclxua2F5YWtpbmcsIHF1YWQgYWR2ZW50dXJlcywgcmVudCBhIGJpa2UiLCJsb2NhdGlvbiI6eyJpY29uIjoiaHR0cDpcL1wvd3d3LnZlbGViaXQuaW5mb1wvd3AtY29udGVudFwvdXBsb2Fkc1wvMjAxN1wvMDFcL2ltYWdlLnBuZyIsImxhdCI6IjQ0Ljg0OTQ3OSIsImxuZyI6IjE1LjI1Mzg4MTk5OTk5OTk3NiIsImNpdHkiOiJPdG9cdTAxMGRhYyIsInN0YXRlIjoiTGlcdTAxMGRrby1zZW5qc2thIFx1MDE3ZXVwYW5pamEiLCJjb3VudHJ5IjoiQ3JvYXRpYSIsIm9uY2xpY2tfYWN0aW9uIjoibWFya2VyIiwicmVkaXJlY3RfY3VzdG9tX2xpbmsiOiIiLCJtYXJrZXJfaW1hZ2UiOiIiLCJvcGVuX25ld190YWIiOiJ5ZXMiLCJwb3N0YWxfY29kZSI6IjUzMjIwIiwiZHJhZ2dhYmxlIjpmYWxzZSwiaW5mb3dpbmRvd19kZWZhdWx0X29wZW4iOnRydWUsImFuaW1hdGlvbiI6IkJPVU5DRSIsImluZm93aW5kb3dfZGlzYWJsZSI6dHJ1ZSwiem9vbSI6NSwiZXh0cmFfZmllbGRzIjoiIn0sImNhdGVnb3JpZXMiOlt7ImlkIjoiMSIsIm5hbWUiOiJWZWxlYml0IGFrdGl2bm9zdGkiLCJ0eXBlIjoiY2F0ZWdvcnkiLCJleHRlbnNpb25fZmllbGRzIjpbXSwiaWNvbiI6Imh0dHA6XC9cL3d3dy52ZWxlYml0LmluZm9cL3dwLWNvbnRlbnRcL3VwbG9hZHNcLzIwMTdcLzAxXC9pbWFnZS5wbmcifV0sImN1c3RvbV9maWx0ZXJzIjoiIn1dLCJzdHlsZXMiOiIiLCJsaXN0aW5nIjoiIiwibWFya2VyX2NsdXN0ZXIiOiIiLCJtYXBfcHJvcGVydHkiOnsibWFwX2lkIjoiMSIsImRlYnVnX21vZGUiOmZhbHNlfX0=\"; });<\/script><\/td>\n<\/tr>\n<\/tbody>\n<\/table>\n<p>Otocac ist Kleinstadt im Zentrum von Kroatien in der Grafschaft Lika.<\/p>\n<p style=\"text-align: justify;\">Nehmen Sie auf der Autobahn A1 (Zagreb-Split) die Ausfahrt &#8222;Otocac&#8220;. Im Ort angekommen biegen Sie an der ersten Ampel nach rechts ab. Fahren Sie ca. 3 Kilometer auf dieser Stra\u00dfe weiter. Sie kommen an einem S\u00e4gewerk vorbei. An der folgenden Stra\u00dfengabelung halten Sie sich rechts. Nach 1 km befindet sich rechts einen kleiner Dorf-Mini-Markt. Dort biegen Sie nach rechts ab. Nach 200 Metern fahren Sie \u00fcber eine Gacka-Br\u00fccke. Velebit aktivnosti&nbsp;befindet sich 100 Meter weiter auf der rechten Stra\u00dfenseite.<\/p>\n<p style=\"text-align: center;\"><a href=\"http:\/\/www.apartman-gacka.com\/wordpress\/wp-content\/uploads\/2015\/11\/putnik.jpg\"><img loading=\"lazy\" decoding=\"async\" class=\"alignnone size-medium wp-image-205\" src=\"http:\/\/www.apartman-gacka.com\/wordpress\/wp-content\/uploads\/2015\/11\/putnik-300x192.jpg\" alt=\"putnik\" width=\"300\" height=\"192\"><\/a><\/p>\n","protected":false},"excerpt":{"rendered":"<p>Google maps: Velebit aktivnosti Coordinate: 44.849438, 15.254241 Otocac ist Kleinstadt im Zentrum von Kroatien in der Grafschaft Lika. Nehmen Sie auf der Autobahn A1 (Zagreb-Split) die Ausfahrt &#8222;Otocac&#8220;. Im Ort angekommen biegen Sie an der ersten Ampel nach rechts ab. Fahren Sie ca. 3 Kilometer auf dieser Stra\u00dfe weiter. Sie kommen an einem S\u00e4gewerk vorbei. [&hellip;]<\/p>\n","protected":false},"author":1,"featured_media":0,"parent":0,"menu_order":0,"comment_status":"closed","ping_status":"closed","template":"","meta":{"ngg_post_thumbnail":0,"footnotes":""},"class_list":["post-134","page","type-page","status-publish","czr-hentry"],"translation":{"provider":"WPGlobus","version":"2.12.2","language":"de","enabled_languages":["hr","en","de","it"],"languages":{"hr":{"title":true,"content":true,"excerpt":false},"en":{"title":true,"content":true,"excerpt":false},"de":{"title":true,"content":true,"excerpt":false},"it":{"title":true,"content":true,"excerpt":false}}},"yoast_head":"<!-- This site is optimized with the Yoast SEO plugin v23.3 - https:\/\/yoast.com\/wordpress\/plugins\/seo\/ -->\n<title>Wo wir uns befinden | Velebit activities | Kroatien | Unterkunft | Kajak | Quad safari<\/title>\n<meta name=\"robots\" content=\"index, follow, max-snippet:-1, max-image-preview:large, max-video-preview:-1\" \/>\n<link rel=\"canonical\" href=\"https:\/\/www.velebit.info\/how-to-reach-us\/\" \/>\n<meta property=\"og:locale\" content=\"de_DE\" \/>\n<meta property=\"og:type\" content=\"article\" \/>\n<meta property=\"og:title\" content=\"Wo wir uns befinden | Velebit activities | Kroatien | Unterkunft | Kajak | Quad safari\" \/>\n<meta property=\"og:url\" content=\"https:\/\/www.velebit.info\/how-to-reach-us\/\" \/>\n<meta property=\"og:site_name\" content=\"Velebit activities | Kroatien | Unterkunft | Kajak | Quad safari\" \/>\n<meta property=\"article:publisher\" content=\"https:\/\/www.facebook.com\/velebitaktivnosti\" \/>\n<meta property=\"article:modified_time\" content=\"2017-11-05T08:16:42+00:00\" \/>\n<meta property=\"og:image\" content=\"http:\/\/www.apartman-gacka.com\/wordpress\/wp-content\/uploads\/2015\/11\/putnik-300x192.jpg\" \/>\n<meta name=\"twitter:card\" content=\"summary_large_image\" \/>\n<meta name=\"twitter:label1\" content=\"Gesch\u00e4tzte Lesezeit\" \/>\n\t<meta name=\"twitter:data1\" content=\"2\u00a0Minuten\" \/>\n<script type=\"application\/ld+json\" class=\"yoast-schema-graph\">{\"@context\":\"https:\/\/schema.org\",\"@graph\":[{\"@type\":\"WebPage\",\"@id\":\"https:\/\/www.velebit.info\/how-to-reach-us\/\",\"url\":\"https:\/\/www.velebit.info\/how-to-reach-us\/\",\"name\":\"Wo wir uns befinden | Velebit activities | Kroatien | Unterkunft | Kajak | Quad safari\",\"isPartOf\":{\"@id\":\"https:\/\/www.velebit.info\/de\/#website\"},\"primaryImageOfPage\":{\"@id\":\"https:\/\/www.velebit.info\/how-to-reach-us\/#primaryimage\"},\"image\":{\"@id\":\"https:\/\/www.velebit.info\/how-to-reach-us\/#primaryimage\"},\"thumbnailUrl\":\"http:\/\/www.apartman-gacka.com\/wordpress\/wp-content\/uploads\/2015\/11\/putnik-300x192.jpg\",\"datePublished\":\"2017-01-29T12:44:28+00:00\",\"dateModified\":\"2017-11-05T08:16:42+00:00\",\"breadcrumb\":{\"@id\":\"https:\/\/www.velebit.info\/how-to-reach-us\/#breadcrumb\"},\"inLanguage\":\"de\",\"potentialAction\":[{\"@type\":\"ReadAction\",\"target\":[\"https:\/\/www.velebit.info\/how-to-reach-us\/\"]}]},{\"@type\":\"ImageObject\",\"inLanguage\":\"de\",\"@id\":\"https:\/\/www.velebit.info\/how-to-reach-us\/#primaryimage\",\"url\":\"http:\/\/www.apartman-gacka.com\/wordpress\/wp-content\/uploads\/2015\/11\/putnik-300x192.jpg\",\"contentUrl\":\"http:\/\/www.apartman-gacka.com\/wordpress\/wp-content\/uploads\/2015\/11\/putnik-300x192.jpg\"},{\"@type\":\"BreadcrumbList\",\"@id\":\"https:\/\/www.velebit.info\/how-to-reach-us\/#breadcrumb\",\"itemListElement\":[{\"@type\":\"ListItem\",\"position\":1,\"name\":\"Home\",\"item\":\"https:\/\/www.velebit.info\/de\/\"},{\"@type\":\"ListItem\",\"position\":2,\"name\":\"How to reach us\"}]},{\"@type\":\"WebSite\",\"@id\":\"https:\/\/www.velebit.info\/de\/#website\",\"url\":\"https:\/\/www.velebit.info\/de\/\",\"name\":\"Velebit activities | Kroatien | Unterkunft | Kajak | Quad safari\",\"description\":\"Reiseagentur\",\"potentialAction\":[{\"@type\":\"SearchAction\",\"target\":{\"@type\":\"EntryPoint\",\"urlTemplate\":\"https:\/\/www.velebit.info\/de\/?s={search_term_string}\"},\"query-input\":\"required name=search_term_string\"}],\"inLanguage\":\"de\"}]}<\/script>\n<!-- \/ Yoast SEO plugin. -->","yoast_head_json":{"title":"Wo wir uns befinden | Velebit activities | Kroatien | Unterkunft | Kajak | Quad safari","robots":{"index":"index","follow":"follow","max-snippet":"max-snippet:-1","max-image-preview":"max-image-preview:large","max-video-preview":"max-video-preview:-1"},"canonical":"https:\/\/www.velebit.info\/how-to-reach-us\/","og_locale":"de_DE","og_type":"article","og_title":"Wo wir uns befinden | Velebit activities | Kroatien | Unterkunft | Kajak | Quad safari","og_url":"https:\/\/www.velebit.info\/how-to-reach-us\/","og_site_name":"Velebit activities | Kroatien | Unterkunft | Kajak | Quad safari","article_publisher":"https:\/\/www.facebook.com\/velebitaktivnosti","article_modified_time":"2017-11-05T08:16:42+00:00","og_image":[{"url":"http:\/\/www.apartman-gacka.com\/wordpress\/wp-content\/uploads\/2015\/11\/putnik-300x192.jpg"}],"twitter_card":"summary_large_image","twitter_misc":{"Gesch\u00e4tzte Lesezeit":"2\u00a0Minuten"},"schema":{"@context":"https:\/\/schema.org","@graph":[{"@type":"WebPage","@id":"https:\/\/www.velebit.info\/how-to-reach-us\/","url":"https:\/\/www.velebit.info\/how-to-reach-us\/","name":"Wo wir uns befinden | Velebit activities | Kroatien | Unterkunft | Kajak | Quad safari","isPartOf":{"@id":"https:\/\/www.velebit.info\/de\/#website"},"primaryImageOfPage":{"@id":"https:\/\/www.velebit.info\/how-to-reach-us\/#primaryimage"},"image":{"@id":"https:\/\/www.velebit.info\/how-to-reach-us\/#primaryimage"},"thumbnailUrl":"http:\/\/www.apartman-gacka.com\/wordpress\/wp-content\/uploads\/2015\/11\/putnik-300x192.jpg","datePublished":"2017-01-29T12:44:28+00:00","dateModified":"2017-11-05T08:16:42+00:00","breadcrumb":{"@id":"https:\/\/www.velebit.info\/how-to-reach-us\/#breadcrumb"},"inLanguage":"de","potentialAction":[{"@type":"ReadAction","target":["https:\/\/www.velebit.info\/how-to-reach-us\/"]}]},{"@type":"ImageObject","inLanguage":"de","@id":"https:\/\/www.velebit.info\/how-to-reach-us\/#primaryimage","url":"http:\/\/www.apartman-gacka.com\/wordpress\/wp-content\/uploads\/2015\/11\/putnik-300x192.jpg","contentUrl":"http:\/\/www.apartman-gacka.com\/wordpress\/wp-content\/uploads\/2015\/11\/putnik-300x192.jpg"},{"@type":"BreadcrumbList","@id":"https:\/\/www.velebit.info\/how-to-reach-us\/#breadcrumb","itemListElement":[{"@type":"ListItem","position":1,"name":"Home","item":"https:\/\/www.velebit.info\/de\/"},{"@type":"ListItem","position":2,"name":"How to reach us"}]},{"@type":"WebSite","@id":"https:\/\/www.velebit.info\/de\/#website","url":"https:\/\/www.velebit.info\/de\/","name":"Velebit activities | Kroatien | Unterkunft | Kajak | Quad safari","description":"Reiseagentur","potentialAction":[{"@type":"SearchAction","target":{"@type":"EntryPoint","urlTemplate":"https:\/\/www.velebit.info\/de\/?s={search_term_string}"},"query-input":"required name=search_term_string"}],"inLanguage":"de"}]}},"_links":{"self":[{"href":"https:\/\/www.velebit.info\/de\/wp-json\/wp\/v2\/pages\/134"}],"collection":[{"href":"https:\/\/www.velebit.info\/de\/wp-json\/wp\/v2\/pages"}],"about":[{"href":"https:\/\/www.velebit.info\/de\/wp-json\/wp\/v2\/types\/page"}],"author":[{"embeddable":true,"href":"https:\/\/www.velebit.info\/de\/wp-json\/wp\/v2\/users\/1"}],"replies":[{"embeddable":true,"href":"https:\/\/www.velebit.info\/de\/wp-json\/wp\/v2\/comments?post=134"}],"version-history":[{"count":8,"href":"https:\/\/www.velebit.info\/de\/wp-json\/wp\/v2\/pages\/134\/revisions"}],"predecessor-version":[{"id":757,"href":"https:\/\/www.velebit.info\/de\/wp-json\/wp\/v2\/pages\/134\/revisions\/757"}],"wp:attachment":[{"href":"https:\/\/www.velebit.info\/de\/wp-json\/wp\/v2\/media?parent=134"}],"curies":[{"name":"wp","href":"https:\/\/api.w.org\/{rel}","templated":true}]}}