{"id":129,"date":"2017-01-29T12:29:33","date_gmt":"2017-01-29T12:29:33","guid":{"rendered":"http:\/\/www.velebit.info\/?page_id=129"},"modified":"2017-10-24T20:52:37","modified_gmt":"2017-10-24T18:52:37","slug":"birding","status":"publish","type":"page","link":"https:\/\/www.velebit.info\/de\/adventure-tours\/birding\/","title":{"rendered":"Vogelbeobachtung Kroatien"},"content":{"rendered":"<h1>Vogelbeobachtung in Kroatien im Gackatal am Fluss Gacka<\/h1>\n<p style=\"text-align: justify;\">Das Gebiet rund um die Gacka eignet sich hervorragend f\u00fcr die Tierwelt\/Vogelwelt. Man kann sagen, dass es rund 50 verschiedene Vogelarten im Gacka-Tal ( Zugv\u00f6gel und Standv\u00f6gel ) gibt. Der gleichnamige Fluss Gacka war schon immer eine Quelle des Lebens, und so auch f\u00fcr verschiedenste Vogelarten. Ein toller Ort, reich an Wasser, Nahrung und nat\u00fcrlichem Schutz durch W\u00e4lder und Wiesen, bzw durch die Flora entlang des Flusses Gacka. An jeder Ecke ist es m\u00f6glich verschiedenste Vogelarten zu finden. Wir haben f\u00fcr Sie 25 Fotografien von verschiedensten V\u00f6geln im Gacka Tal gemacht. Wenn Sie interessiert sind die Gacka zu besuchen, um eine Vogelsafari mit uns zu machen, kontaktieren Sie uns bitte. Auch k\u00f6nnen wir Ihnen etwas ganz besonderes anbieten: Wir haben die M\u00f6glichkeit Ihnen eine Beobachtungstour der zahlreichen Tierwelt direkt von der Wasseroberfl\u00e4che der Gacka mit hauseigenen Kajaks, oder entlang des herrlichen Flusses mit unseren Mountainbikes, anzubieten! Wir bieten Ihnen die Vermietung von hochwertigen Nikon Aculon A211 8&#215;42 Ferngl\u00e4sern zu einem Preis von 40 Kuna \/ ca- 5,70,-\u20ac pro Tag. Auch haben Sie die M\u00f6glichkeit gleich direkt eine sch\u00f6ne Unterkunft\/Appartement \u00fcber uns zu buchen.<\/p>\n<h2>Ihre Vorteile bei einer Buchung direkt \u00fcber uns:<\/h2>\n<ul>\n<li>Qualit\u00e4tsferngl\u00e4ser der Marke Nikon Aculon A211 8&#215;42<\/li>\n<li>Freundliches Personal<\/li>\n<li>Flyer mit Informationen zu den Vogelarten an der Gacka<\/li>\n<li>Wir sind t\u00e4glich f\u00fcr Sie vor Ort, 7 Tage die Woche<\/li>\n<li>Vermietung der eigenen Appartements<\/li>\n<li>Eigene Mountainbikes<\/li>\n<li>Eigene Kajaks<\/li>\n<\/ul>\n<p>Foto: Zoran Jelinic<\/p>\nngg_shortcode_0_placeholder\n","protected":false},"excerpt":{"rendered":"<p>Vogelbeobachtung in Kroatien im Gackatal am Fluss Gacka Das Gebiet rund um die Gacka eignet sich hervorragend f\u00fcr die Tierwelt\/Vogelwelt. Man kann sagen, dass es rund 50 verschiedene Vogelarten im Gacka-Tal ( Zugv\u00f6gel und Standv\u00f6gel ) gibt. Der gleichnamige Fluss Gacka war schon immer eine Quelle des Lebens, und so auch f\u00fcr verschiedenste Vogelarten. Ein [&hellip;]<\/p>\n","protected":false},"author":1,"featured_media":332,"parent":173,"menu_order":1,"comment_status":"closed","ping_status":"closed","template":"","meta":{"ngg_post_thumbnail":0,"footnotes":""},"class_list":["post-129","page","type-page","status-publish","has-post-thumbnail","czr-hentry"],"translation":{"provider":"WPGlobus","version":"2.12.2","language":"de","enabled_languages":["hr","en","de","it"],"languages":{"hr":{"title":true,"content":true,"excerpt":false},"en":{"title":true,"content":true,"excerpt":false},"de":{"title":true,"content":true,"excerpt":false},"it":{"title":true,"content":true,"excerpt":false}}},"yoast_head":"<!-- This site is optimized with the Yoast SEO plugin v23.3 - https:\/\/yoast.com\/wordpress\/plugins\/seo\/ -->\n<title>Vogelbeobachtung Kroatien | Velebit activities | Kroatien | Unterkunft | Kajak | Quad safari<\/title>\n<meta name=\"robots\" content=\"index, follow, max-snippet:-1, max-image-preview:large, max-video-preview:-1\" \/>\n<link rel=\"canonical\" href=\"https:\/\/www.velebit.info\/adventure-tours\/birding\/\" \/>\n<meta property=\"og:locale\" content=\"de_DE\" \/>\n<meta property=\"og:type\" content=\"article\" \/>\n<meta property=\"og:title\" content=\"Vogelbeobachtung Kroatien | Velebit activities | Kroatien | Unterkunft | Kajak | Quad safari\" \/>\n<meta property=\"og:url\" content=\"https:\/\/www.velebit.info\/adventure-tours\/birding\/\" \/>\n<meta property=\"og:site_name\" content=\"Velebit activities | Kroatien | Unterkunft | Kajak | Quad safari\" \/>\n<meta property=\"article:publisher\" content=\"https:\/\/www.facebook.com\/velebitaktivnosti\" \/>\n<meta property=\"article:modified_time\" content=\"2017-10-24T18:52:37+00:00\" \/>\n<meta property=\"og:image\" content=\"https:\/\/www.velebit.info\/wp-content\/uploads\/2017\/01\/vodomar1.jpg\" \/>\n\t<meta property=\"og:image:width\" content=\"466\" \/>\n\t<meta property=\"og:image:height\" content=\"335\" \/>\n\t<meta property=\"og:image:type\" content=\"image\/jpeg\" \/>\n<meta name=\"twitter:card\" content=\"summary_large_image\" \/>\n<meta name=\"twitter:label1\" content=\"Gesch\u00e4tzte Lesezeit\" \/>\n\t<meta name=\"twitter:data1\" content=\"4\u00a0Minuten\" \/>\n<script type=\"application\/ld+json\" class=\"yoast-schema-graph\">{\"@context\":\"https:\/\/schema.org\",\"@graph\":[{\"@type\":\"WebPage\",\"@id\":\"https:\/\/www.velebit.info\/adventure-tours\/birding\/\",\"url\":\"https:\/\/www.velebit.info\/adventure-tours\/birding\/\",\"name\":\"Vogelbeobachtung Kroatien | Velebit activities | Kroatien | Unterkunft | Kajak | Quad safari\",\"isPartOf\":{\"@id\":\"https:\/\/www.velebit.info\/de\/#website\"},\"primaryImageOfPage\":{\"@id\":\"https:\/\/www.velebit.info\/adventure-tours\/birding\/#primaryimage\"},\"image\":{\"@id\":\"https:\/\/www.velebit.info\/adventure-tours\/birding\/#primaryimage\"},\"thumbnailUrl\":\"https:\/\/www.velebit.info\/wp-content\/uploads\/2017\/01\/vodomar1.jpg\",\"datePublished\":\"2017-01-29T12:29:33+00:00\",\"dateModified\":\"2017-10-24T18:52:37+00:00\",\"breadcrumb\":{\"@id\":\"https:\/\/www.velebit.info\/adventure-tours\/birding\/#breadcrumb\"},\"inLanguage\":\"de\",\"potentialAction\":[{\"@type\":\"ReadAction\",\"target\":[\"https:\/\/www.velebit.info\/adventure-tours\/birding\/\"]}]},{\"@type\":\"ImageObject\",\"inLanguage\":\"de\",\"@id\":\"https:\/\/www.velebit.info\/adventure-tours\/birding\/#primaryimage\",\"url\":\"https:\/\/www.velebit.info\/wp-content\/uploads\/2017\/01\/vodomar1.jpg\",\"contentUrl\":\"https:\/\/www.velebit.info\/wp-content\/uploads\/2017\/01\/vodomar1.jpg\",\"width\":466,\"height\":335,\"caption\":\"vodomar\"},{\"@type\":\"BreadcrumbList\",\"@id\":\"https:\/\/www.velebit.info\/adventure-tours\/birding\/#breadcrumb\",\"itemListElement\":[{\"@type\":\"ListItem\",\"position\":1,\"name\":\"Home\",\"item\":\"https:\/\/www.velebit.info\/de\/\"},{\"@type\":\"ListItem\",\"position\":2,\"name\":\"Adventure tours\",\"item\":\"https:\/\/www.velebit.info\/adventure-tours\/\"},{\"@type\":\"ListItem\",\"position\":3,\"name\":\"Birding\"}]},{\"@type\":\"WebSite\",\"@id\":\"https:\/\/www.velebit.info\/de\/#website\",\"url\":\"https:\/\/www.velebit.info\/de\/\",\"name\":\"Velebit activities | Kroatien | Unterkunft | Kajak | Quad safari\",\"description\":\"Reiseagentur\",\"potentialAction\":[{\"@type\":\"SearchAction\",\"target\":{\"@type\":\"EntryPoint\",\"urlTemplate\":\"https:\/\/www.velebit.info\/de\/?s={search_term_string}\"},\"query-input\":\"required name=search_term_string\"}],\"inLanguage\":\"de\"}]}<\/script>\n<!-- \/ Yoast SEO plugin. -->","yoast_head_json":{"title":"Vogelbeobachtung Kroatien | Velebit activities | Kroatien | Unterkunft | Kajak | Quad safari","robots":{"index":"index","follow":"follow","max-snippet":"max-snippet:-1","max-image-preview":"max-image-preview:large","max-video-preview":"max-video-preview:-1"},"canonical":"https:\/\/www.velebit.info\/adventure-tours\/birding\/","og_locale":"de_DE","og_type":"article","og_title":"Vogelbeobachtung Kroatien | Velebit activities | Kroatien | Unterkunft | Kajak | Quad safari","og_url":"https:\/\/www.velebit.info\/adventure-tours\/birding\/","og_site_name":"Velebit activities | Kroatien | Unterkunft | Kajak | Quad safari","article_publisher":"https:\/\/www.facebook.com\/velebitaktivnosti","article_modified_time":"2017-10-24T18:52:37+00:00","og_image":[{"width":466,"height":335,"url":"https:\/\/www.velebit.info\/wp-content\/uploads\/2017\/01\/vodomar1.jpg","type":"image\/jpeg"}],"twitter_card":"summary_large_image","twitter_misc":{"Gesch\u00e4tzte Lesezeit":"4\u00a0Minuten"},"schema":{"@context":"https:\/\/schema.org","@graph":[{"@type":"WebPage","@id":"https:\/\/www.velebit.info\/adventure-tours\/birding\/","url":"https:\/\/www.velebit.info\/adventure-tours\/birding\/","name":"Vogelbeobachtung Kroatien | Velebit activities | Kroatien | Unterkunft | Kajak | Quad safari","isPartOf":{"@id":"https:\/\/www.velebit.info\/de\/#website"},"primaryImageOfPage":{"@id":"https:\/\/www.velebit.info\/adventure-tours\/birding\/#primaryimage"},"image":{"@id":"https:\/\/www.velebit.info\/adventure-tours\/birding\/#primaryimage"},"thumbnailUrl":"https:\/\/www.velebit.info\/wp-content\/uploads\/2017\/01\/vodomar1.jpg","datePublished":"2017-01-29T12:29:33+00:00","dateModified":"2017-10-24T18:52:37+00:00","breadcrumb":{"@id":"https:\/\/www.velebit.info\/adventure-tours\/birding\/#breadcrumb"},"inLanguage":"de","potentialAction":[{"@type":"ReadAction","target":["https:\/\/www.velebit.info\/adventure-tours\/birding\/"]}]},{"@type":"ImageObject","inLanguage":"de","@id":"https:\/\/www.velebit.info\/adventure-tours\/birding\/#primaryimage","url":"https:\/\/www.velebit.info\/wp-content\/uploads\/2017\/01\/vodomar1.jpg","contentUrl":"https:\/\/www.velebit.info\/wp-content\/uploads\/2017\/01\/vodomar1.jpg","width":466,"height":335,"caption":"vodomar"},{"@type":"BreadcrumbList","@id":"https:\/\/www.velebit.info\/adventure-tours\/birding\/#breadcrumb","itemListElement":[{"@type":"ListItem","position":1,"name":"Home","item":"https:\/\/www.velebit.info\/de\/"},{"@type":"ListItem","position":2,"name":"Adventure tours","item":"https:\/\/www.velebit.info\/adventure-tours\/"},{"@type":"ListItem","position":3,"name":"Birding"}]},{"@type":"WebSite","@id":"https:\/\/www.velebit.info\/de\/#website","url":"https:\/\/www.velebit.info\/de\/","name":"Velebit activities | Kroatien | Unterkunft | Kajak | Quad safari","description":"Reiseagentur","potentialAction":[{"@type":"SearchAction","target":{"@type":"EntryPoint","urlTemplate":"https:\/\/www.velebit.info\/de\/?s={search_term_string}"},"query-input":"required name=search_term_string"}],"inLanguage":"de"}]}},"_links":{"self":[{"href":"https:\/\/www.velebit.info\/de\/wp-json\/wp\/v2\/pages\/129"}],"collection":[{"href":"https:\/\/www.velebit.info\/de\/wp-json\/wp\/v2\/pages"}],"about":[{"href":"https:\/\/www.velebit.info\/de\/wp-json\/wp\/v2\/types\/page"}],"author":[{"embeddable":true,"href":"https:\/\/www.velebit.info\/de\/wp-json\/wp\/v2\/users\/1"}],"replies":[{"embeddable":true,"href":"https:\/\/www.velebit.info\/de\/wp-json\/wp\/v2\/comments?post=129"}],"version-history":[{"count":10,"href":"https:\/\/www.velebit.info\/de\/wp-json\/wp\/v2\/pages\/129\/revisions"}],"predecessor-version":[{"id":431,"href":"https:\/\/www.velebit.info\/de\/wp-json\/wp\/v2\/pages\/129\/revisions\/431"}],"up":[{"embeddable":true,"href":"https:\/\/www.velebit.info\/de\/wp-json\/wp\/v2\/pages\/173"}],"wp:featuredmedia":[{"embeddable":true,"href":"https:\/\/www.velebit.info\/de\/wp-json\/wp\/v2\/media\/332"}],"wp:attachment":[{"href":"https:\/\/www.velebit.info\/de\/wp-json\/wp\/v2\/media?parent=129"}],"curies":[{"name":"wp","href":"https:\/\/api.w.org\/{rel}","templated":true}]}}