{"id":1240,"date":"2020-05-07T07:00:51","date_gmt":"2020-05-07T05:00:51","guid":{"rendered":"http:\/\/www.velebit.info\/?page_id=1240"},"modified":"2020-05-07T07:00:51","modified_gmt":"2020-05-07T05:00:51","slug":"preporuke","status":"publish","type":"page","link":"https:\/\/www.velebit.info\/de\/preporuke\/","title":{"rendered":"Preporuke"},"content":{"rendered":"<p>Kako bi Lika destinaciju jo\u0161 bolje do\u017eivjeli preporu\u010damo da posjetite sljede\u0107e lokacije:<\/p>\n<ol>\n<li><a href=\"https:\/\/np-plitvicka-jezera.hr\/\">Nacionalni park Plitvi\u010dka jezera<\/a><\/li>\n<li><a href=\"http:\/\/www.np-sjeverni-velebit.hr\/park\/?lang=hr\">Nacionalni park Sjeverni Velebit<\/a><\/li>\n<li><a href=\"https:\/\/www.tripadvisor.com\/Attraction_Review-g1203157-d12810590-Reviews-Majerovo_Vrilo-Otocac_Lika_Senj_County.html\">Majerovo vrilo<\/a><\/li>\n<li><a href=\"http:\/\/kuca-velebita.np-sjeverni-velebit.hr\/\">Ku\u0107a Velebita<\/a><\/li>\n<li><a href=\"https:\/\/mcnikolatesla.hr\/nikola-tesla\/\">Memorijalni centar Nikola Tesla<\/a><\/li>\n<li><a href=\"https:\/\/www.pp-velebit.hr\/hr\/turisticka-ponuda\/uvala-zavratnica\">Uvala Zavratnica<\/a><\/li>\n<li><a href=\"https:\/\/www.senj.hr\/tvrdava-nehaj\/\">Kula Nehaj<\/a><\/li>\n<li><a href=\"http:\/\/pp-grabovaca.hr\/hr\/\">Pe\u0107inski park Grabova\u010da<\/a><\/li>\n<li><a href=\"https:\/\/kuterevomedvjedi.org\/\">Uto\u010di\u0161te za medvjede Kuterevo<\/a><\/li>\n<li><a href=\"http:\/\/www.gpou-otocac.hr\/muzej-gacke-stalni-postav-2\/\">Muzej Gacke Oto\u010dac<\/a><\/li>\n<\/ol>\n","protected":false},"excerpt":{"rendered":"<p>Kako bi Lika destinaciju jo\u0161 bolje do\u017eivjeli preporu\u010damo da posjetite sljede\u0107e lokacije: Nacionalni park Plitvi\u010dka jezera Nacionalni park Sjeverni Velebit Majerovo vrilo Ku\u0107a Velebita Memorijalni centar Nikola Tesla Uvala Zavratnica Kula Nehaj Pe\u0107inski park Grabova\u010da Uto\u010di\u0161te za medvjede Kuterevo Muzej Gacke Oto\u010dac<\/p>\n","protected":false},"author":1,"featured_media":0,"parent":0,"menu_order":0,"comment_status":"closed","ping_status":"closed","template":"","meta":{"ngg_post_thumbnail":0,"footnotes":""},"class_list":["post-1240","page","type-page","status-publish","czr-hentry"],"translation":{"provider":"WPGlobus","version":"2.12.2","language":"de","enabled_languages":["hr","en","de","it"],"languages":{"hr":{"title":true,"content":true,"excerpt":false},"en":{"title":true,"content":false,"excerpt":false},"de":{"title":false,"content":false,"excerpt":false},"it":{"title":false,"content":false,"excerpt":false}}},"yoast_head":"<!-- This site is optimized with the Yoast SEO plugin v23.3 - https:\/\/yoast.com\/wordpress\/plugins\/seo\/ -->\n<title>| Velebit activities | Kroatien | Unterkunft | Kajak | Quad safari<\/title>\n<meta name=\"robots\" content=\"index, follow, max-snippet:-1, max-image-preview:large, max-video-preview:-1\" \/>\n<link rel=\"canonical\" href=\"https:\/\/www.velebit.info\/preporuke\/\" \/>\n<meta property=\"og:locale\" content=\"de_DE\" \/>\n<meta property=\"og:type\" content=\"article\" \/>\n<meta property=\"og:title\" content=\"| Velebit activities | Kroatien | Unterkunft | Kajak | Quad safari\" \/>\n<meta property=\"og:url\" content=\"https:\/\/www.velebit.info\/preporuke\/\" \/>\n<meta property=\"og:site_name\" content=\"Velebit activities | Kroatien | Unterkunft | Kajak | Quad safari\" \/>\n<meta property=\"article:publisher\" content=\"https:\/\/www.facebook.com\/velebitaktivnosti\" \/>\n<meta property=\"og:image\" content=\"http:\/\/www.velebit.info\/wp-content\/uploads\/2017\/01\/velebit_logo_konacno_HR-3.jpg\" \/>\n<meta name=\"twitter:card\" content=\"summary_large_image\" \/>\n<script type=\"application\/ld+json\" class=\"yoast-schema-graph\">{\"@context\":\"https:\/\/schema.org\",\"@graph\":[{\"@type\":\"WebPage\",\"@id\":\"https:\/\/www.velebit.info\/preporuke\/\",\"url\":\"https:\/\/www.velebit.info\/preporuke\/\",\"name\":\"| Velebit activities | Kroatien | Unterkunft | Kajak | Quad safari\",\"isPartOf\":{\"@id\":\"https:\/\/www.velebit.info\/de\/#website\"},\"datePublished\":\"2020-05-07T05:00:51+00:00\",\"dateModified\":\"2020-05-07T05:00:51+00:00\",\"breadcrumb\":{\"@id\":\"https:\/\/www.velebit.info\/preporuke\/#breadcrumb\"},\"inLanguage\":\"de\",\"potentialAction\":[{\"@type\":\"ReadAction\",\"target\":[\"https:\/\/www.velebit.info\/preporuke\/\"]}]},{\"@type\":\"BreadcrumbList\",\"@id\":\"https:\/\/www.velebit.info\/preporuke\/#breadcrumb\",\"itemListElement\":[{\"@type\":\"ListItem\",\"position\":1,\"name\":\"Home\",\"item\":\"https:\/\/www.velebit.info\/de\/\"},{\"@type\":\"ListItem\",\"position\":2,\"name\":\"Recommendations\"}]},{\"@type\":\"WebSite\",\"@id\":\"https:\/\/www.velebit.info\/de\/#website\",\"url\":\"https:\/\/www.velebit.info\/de\/\",\"name\":\"Velebit activities | Kroatien | Unterkunft | Kajak | Quad safari\",\"description\":\"Reiseagentur\",\"potentialAction\":[{\"@type\":\"SearchAction\",\"target\":{\"@type\":\"EntryPoint\",\"urlTemplate\":\"https:\/\/www.velebit.info\/de\/?s={search_term_string}\"},\"query-input\":\"required name=search_term_string\"}],\"inLanguage\":\"de\"}]}<\/script>\n<!-- \/ Yoast SEO plugin. -->","yoast_head_json":{"title":"| Velebit activities | Kroatien | Unterkunft | Kajak | Quad safari","robots":{"index":"index","follow":"follow","max-snippet":"max-snippet:-1","max-image-preview":"max-image-preview:large","max-video-preview":"max-video-preview:-1"},"canonical":"https:\/\/www.velebit.info\/preporuke\/","og_locale":"de_DE","og_type":"article","og_title":"| Velebit activities | Kroatien | Unterkunft | Kajak | Quad safari","og_url":"https:\/\/www.velebit.info\/preporuke\/","og_site_name":"Velebit activities | Kroatien | Unterkunft | Kajak | Quad safari","article_publisher":"https:\/\/www.facebook.com\/velebitaktivnosti","og_image":[{"url":"http:\/\/www.velebit.info\/wp-content\/uploads\/2017\/01\/velebit_logo_konacno_HR-3.jpg"}],"twitter_card":"summary_large_image","schema":{"@context":"https:\/\/schema.org","@graph":[{"@type":"WebPage","@id":"https:\/\/www.velebit.info\/preporuke\/","url":"https:\/\/www.velebit.info\/preporuke\/","name":"| Velebit activities | Kroatien | Unterkunft | Kajak | Quad safari","isPartOf":{"@id":"https:\/\/www.velebit.info\/de\/#website"},"datePublished":"2020-05-07T05:00:51+00:00","dateModified":"2020-05-07T05:00:51+00:00","breadcrumb":{"@id":"https:\/\/www.velebit.info\/preporuke\/#breadcrumb"},"inLanguage":"de","potentialAction":[{"@type":"ReadAction","target":["https:\/\/www.velebit.info\/preporuke\/"]}]},{"@type":"BreadcrumbList","@id":"https:\/\/www.velebit.info\/preporuke\/#breadcrumb","itemListElement":[{"@type":"ListItem","position":1,"name":"Home","item":"https:\/\/www.velebit.info\/de\/"},{"@type":"ListItem","position":2,"name":"Recommendations"}]},{"@type":"WebSite","@id":"https:\/\/www.velebit.info\/de\/#website","url":"https:\/\/www.velebit.info\/de\/","name":"Velebit activities | Kroatien | Unterkunft | Kajak | Quad safari","description":"Reiseagentur","potentialAction":[{"@type":"SearchAction","target":{"@type":"EntryPoint","urlTemplate":"https:\/\/www.velebit.info\/de\/?s={search_term_string}"},"query-input":"required name=search_term_string"}],"inLanguage":"de"}]}},"_links":{"self":[{"href":"https:\/\/www.velebit.info\/de\/wp-json\/wp\/v2\/pages\/1240"}],"collection":[{"href":"https:\/\/www.velebit.info\/de\/wp-json\/wp\/v2\/pages"}],"about":[{"href":"https:\/\/www.velebit.info\/de\/wp-json\/wp\/v2\/types\/page"}],"author":[{"embeddable":true,"href":"https:\/\/www.velebit.info\/de\/wp-json\/wp\/v2\/users\/1"}],"replies":[{"embeddable":true,"href":"https:\/\/www.velebit.info\/de\/wp-json\/wp\/v2\/comments?post=1240"}],"version-history":[{"count":1,"href":"https:\/\/www.velebit.info\/de\/wp-json\/wp\/v2\/pages\/1240\/revisions"}],"predecessor-version":[{"id":1241,"href":"https:\/\/www.velebit.info\/de\/wp-json\/wp\/v2\/pages\/1240\/revisions\/1241"}],"wp:attachment":[{"href":"https:\/\/www.velebit.info\/de\/wp-json\/wp\/v2\/media?parent=1240"}],"curies":[{"name":"wp","href":"https:\/\/api.w.org\/{rel}","templated":true}]}}